{"id":69,"date":"2026-04-15T08:18:07","date_gmt":"2026-04-15T08:18:07","guid":{"rendered":"https:\/\/flyersteam.mx\/?page_id=69"},"modified":"2026-04-17T01:48:12","modified_gmt":"2026-04-17T01:48:12","slug":"espectaculos","status":"publish","type":"page","link":"https:\/\/flyersteam.mx\/index.php\/espectaculos\/","title":{"rendered":"Espectaculos"},"content":{"rendered":"\n<div style=\"height:50px\" aria-hidden=\"true\" class=\"wp-block-spacer\"><\/div>\n\n\n\n<h2 class=\"wp-block-heading\">FESTIVAL A\u00c9REO FLYERS GUADALAJARA VUELA (2004\/2005\/2006)<\/h2>\n\n\n\n<p>Con un alcance de hasta 20,000 asistentes<br>LUGAR: AEROPUERTO INTERNACIONAL MIGUEL HIDALGO, GUADALAJARA, JAL, M\u00c9XICO.<\/p>\n\n\n\n<div style=\"height:50px\" aria-hidden=\"true\" class=\"wp-block-spacer\"><\/div>\n\n\n\n<h2 class=\"wp-block-heading\">ADRENALINA NUEVO LE\u00d3N (2009\/2011)<\/h2>\n\n\n\n<p>Con un alcance de hasta 134,000 asistentes<br>LUGAR: PARQUE FUNDIDORA EN MONTERREY, N. L. M\u00c9XICO.<\/p>\n\n\n\n<div style=\"height:50px\" aria-hidden=\"true\" class=\"wp-block-spacer\"><\/div>\n\n\n\n<h2 class=\"wp-block-heading\">MAZATL\u00c1N AIR SHOW (2011)<\/h2>\n\n\n\n<p>Con un alcance de hasta 35,000 asistentes<br>LUGAR: MALECON DE MAZATLAN, SIN, M\u00c9XICO.<\/p>\n\n\n\n<div style=\"height:50px\" aria-hidden=\"true\" class=\"wp-block-spacer\"><\/div>\n\n\n\n<h2 class=\"wp-block-heading\">FESTIVAL A\u00c9REO FLYERS GUADALAJARA VUELA (2007\/2008\/2010)<\/h2>\n\n\n\n<p>Con un alcance de hasta 80,000 asistentes<br>LUGAR: LAGUNA DE CAJITITL\u00c1N, TLAJOMULCO DE Z\u00da\u00d1IGA, JAL, M\u00c9XICO<\/p>\n\n\n\n<div style=\"height:50px\" aria-hidden=\"true\" class=\"wp-block-spacer\"><\/div>\n\n\n\n<h2 class=\"wp-block-heading\">ESTRUENDO EL ESPECT\u00c1CULO A\u00c9REO DE LE\u00d3N (2009\/2011)<\/h2>\n\n\n\n<p>Con un alcance de hasta 81,000 asistentes<br>LUGAR: PARQUE METROPOLITANO DE LEON, GTO, M\u00c9XICO.<\/p>\n\n\n\n<div style=\"height:50px\" aria-hidden=\"true\" class=\"wp-block-spacer\"><\/div>\n\n\n\n<h2 class=\"wp-block-heading\">FERIA PACHUCA (2011)<\/h2>\n\n\n\n<p>Con un alcance de hasta 27,000 asistentes<br>LUGAR: RECINTO FERIAL, PACHUCA,HGO, M\u00c9XICO.<\/p>\n\n\n\n<div style=\"height:50px\" aria-hidden=\"true\" class=\"wp-block-spacer\"><\/div>\n\n\n\n<h2 class=\"wp-block-heading\">EXTREMO A\u00c9RO SHOW CHIHUAHUA VIVE LA EMOCI\u00d3N (2011\/2012\/2013)<\/h2>\n\n\n\n<p>Con un alcance de hasta 310,000 asistentes<br>LUGAR: PARQUE METROPOLITANO, PRESA EL REJ\u00d3N, CHIHUAHUA, CHIH, M\u00c9XICO.<\/p>\n\n\n\n<div style=\"height:50px\" aria-hidden=\"true\" class=\"wp-block-spacer\"><\/div>\n\n\n\n<h2 class=\"wp-block-heading\">ACAPULCO AIR SHOW (2011\/2014)<\/h2>\n\n\n\n<p>Con un alcance de hasta 500,000 asistentes<br>LUGAR: PLAYAS REVOLCADERO, PUERTO MARQU\u00c9S Y BAH\u00cdA DE SANTA LUC\u00cdA, GRO, MEX.<\/p>\n\n\n\n<div style=\"height:50px\" aria-hidden=\"true\" class=\"wp-block-spacer\"><\/div>\n\n\n\n<h2 class=\"wp-block-heading\">FESTIVAL A\u00c9REO FERIA ZAPOTILTIC (2012)<\/h2>\n\n\n\n<p>Con un alcance de hasta 20,000 asistentes<br>LUGAR: AERODROMO ZAPOTILTIC, JAL, M\u00c9XICO<\/p>\n\n\n\n<div style=\"height:50px\" aria-hidden=\"true\" class=\"wp-block-spacer\"><\/div>\n\n\n\n<h2 class=\"wp-block-heading\">AIR SHOW PUEBLA VIVE (2011)<\/h2>\n\n\n\n<p>Con un alcance de hasta 90,000 asistentes<br>LUGAR: SAN ANDR\u00c9S CHOLULA, PUEBLA, M\u00c9XICO<\/p>\n\n\n\n<div style=\"height:50px\" aria-hidden=\"true\" class=\"wp-block-spacer\"><\/div>\n\n\n\n<h2 class=\"wp-block-heading\">INAUGURACI\u00d3N CAMPEONATO MUNDIAL DE MOTOCROSS GP (2012)<\/h2>\n\n\n\n<p>Con un alcance de hasta 15,000 asistentes<br>LUGAR: RANCHO LOS AYALA, SAN LUIS DE LA PAZ, GTO, M\u00c9XICO.<\/p>\n\n\n\n<div style=\"height:50px\" aria-hidden=\"true\" class=\"wp-block-spacer\"><\/div>\n\n\n\n<h2 class=\"wp-block-heading\">FESTIVAL A\u00c9REO EXPO SHOW AUTO Y AVI\u00d3N (2012)<\/h2>\n\n\n\n<p>Con un alcance de hasta 20,000 asistentes<br>LUGAR: AER\u00d3DROMO DE ATLIXCO, PUE, M\u00c9XICO.<\/p>\n\n\n\n<div style=\"height:50px\" aria-hidden=\"true\" class=\"wp-block-spacer\"><\/div>\n\n\n\n<h2 class=\"wp-block-heading\">MICHOAC\u00c1N AL MAXIMO (2014)<\/h2>\n\n\n\n<p>Con un alcance de hasta 50,000 asistentes<br>LUGAR: LAGO DE P\u00c1TZCUARO\/CHUPICUARO, MICH, M\u00c9XICO.<\/p>\n\n\n\n<div style=\"height:50px\" aria-hidden=\"true\" class=\"wp-block-spacer\"><\/div>\n\n\n\n<h2 class=\"wp-block-heading\">ESTADO DE M\u00c9XICO AL M\u00c1XIMO (2014)<\/h2>\n\n\n\n<p>Con un alcance de hasta 17,000 asistentes<br>LUGAR: PRESA MIGUEL ALEM\u00c1N, VALLE DE BRAVO, ESTADO DE M\u00c9XICO<\/p>\n\n\n\n<div style=\"height:50px\" aria-hidden=\"true\" class=\"wp-block-spacer\"><\/div>\n\n\n<div class=\"wp-block-image\">\n<figure class=\"aligncenter size-large is-resized\"><img loading=\"lazy\" decoding=\"async\" width=\"1024\" height=\"537\" src=\"https:\/\/flyersteam.mx\/wp-content\/uploads\/2026\/04\/FONDO-EQUIPO-1-1024x537.png\" alt=\"\" class=\"wp-image-124\" style=\"aspect-ratio:1.906927774268267;width:1170px;height:auto\" srcset=\"https:\/\/flyersteam.mx\/wp-content\/uploads\/2026\/04\/FONDO-EQUIPO-1-1024x537.png 1024w, https:\/\/flyersteam.mx\/wp-content\/uploads\/2026\/04\/FONDO-EQUIPO-1-300x157.png 300w, https:\/\/flyersteam.mx\/wp-content\/uploads\/2026\/04\/FONDO-EQUIPO-1-768x403.png 768w, https:\/\/flyersteam.mx\/wp-content\/uploads\/2026\/04\/FONDO-EQUIPO-1.png 1335w\" sizes=\"auto, (max-width: 1024px) 100vw, 1024px\" \/><\/figure>\n<\/div>\n\n\n<div style=\"height:500px\" aria-hidden=\"true\" class=\"wp-block-spacer\"><\/div>\n","protected":false},"excerpt":{"rendered":"<p>FESTIVAL A\u00c9REO FLYERS GUADALAJARA VUELA (2004\/2005\/2006) Con un alcance de hasta 20,000 asistentesLUGAR: AEROPUERTO INTERNACIONAL MIGUEL HIDALGO, GUADALAJARA, JAL, M\u00c9XICO. ADRENALINA NUEVO LE\u00d3N (2009\/2011) Con un alcance de hasta 134,000 asistentesLUGAR: PARQUE FUNDIDORA EN MONTERREY, N. L. M\u00c9XICO. MAZATL\u00c1N AIR SHOW (2011) Con un alcance de hasta 35,000 asistentesLUGAR: MALECON DE MAZATLAN, SIN, M\u00c9XICO. FESTIVAL&hellip;&nbsp;<\/p>\n","protected":false},"author":1,"featured_media":0,"parent":0,"menu_order":0,"comment_status":"closed","ping_status":"closed","template":"","meta":{"neve_meta_sidebar":"","neve_meta_container":"","neve_meta_enable_content_width":"","neve_meta_content_width":0,"neve_meta_title_alignment":"","neve_meta_author_avatar":"","neve_post_elements_order":"","neve_meta_disable_header":"","neve_meta_disable_footer":"","neve_meta_disable_title":"on","footnotes":""},"class_list":["post-69","page","type-page","status-publish","hentry"],"_links":{"self":[{"href":"https:\/\/flyersteam.mx\/index.php\/wp-json\/wp\/v2\/pages\/69","targetHints":{"allow":["GET"]}}],"collection":[{"href":"https:\/\/flyersteam.mx\/index.php\/wp-json\/wp\/v2\/pages"}],"about":[{"href":"https:\/\/flyersteam.mx\/index.php\/wp-json\/wp\/v2\/types\/page"}],"author":[{"embeddable":true,"href":"https:\/\/flyersteam.mx\/index.php\/wp-json\/wp\/v2\/users\/1"}],"replies":[{"embeddable":true,"href":"https:\/\/flyersteam.mx\/index.php\/wp-json\/wp\/v2\/comments?post=69"}],"version-history":[{"count":9,"href":"https:\/\/flyersteam.mx\/index.php\/wp-json\/wp\/v2\/pages\/69\/revisions"}],"predecessor-version":[{"id":126,"href":"https:\/\/flyersteam.mx\/index.php\/wp-json\/wp\/v2\/pages\/69\/revisions\/126"}],"wp:attachment":[{"href":"https:\/\/flyersteam.mx\/index.php\/wp-json\/wp\/v2\/media?parent=69"}],"curies":[{"name":"wp","href":"https:\/\/api.w.org\/{rel}","templated":true}]}}